{"id":322,"date":"2020-03-15T22:32:32","date_gmt":"2020-03-15T21:32:32","guid":{"rendered":"https:\/\/claudiazingerli.ch\/?page_id=322"},"modified":"2020-06-07T08:52:56","modified_gmt":"2020-06-07T06:52:56","slug":"sustainable-development","status":"publish","type":"page","link":"https:\/\/claudiazingerli.ch\/en\/sustainable-development\/","title":{"rendered":"Sustainable Development"},"content":{"rendered":"\t\t<div data-elementor-type=\"wp-page\" data-elementor-id=\"322\" class=\"elementor elementor-322\" data-elementor-post-type=\"page\">\n\t\t\t\t\t\t<section class=\"elementor-section elementor-top-section elementor-element elementor-element-d4b5df9 elementor-section-stretched elementor-section-full_width elementor-section-height-default elementor-section-height-default\" data-id=\"d4b5df9\" data-element_type=\"section\" data-settings=\"{&quot;stretch_section&quot;:&quot;section-stretched&quot;,&quot;background_background&quot;:&quot;classic&quot;}\">\n\t\t\t\t\t\t<div class=\"elementor-container elementor-column-gap-default\">\n\t\t\t\t\t<div class=\"elementor-column elementor-col-100 elementor-top-column elementor-element elementor-element-474c2b1b\" data-id=\"474c2b1b\" data-element_type=\"column\">\n\t\t\t<div class=\"elementor-widget-wrap elementor-element-populated\">\n\t\t\t\t\t\t<div class=\"elementor-element elementor-element-377e2492 elementor--h-position-left elementor--v-position-middle elementor-arrows-position-inside elementor-pagination-position-inside elementor-widget elementor-widget-slides\" data-id=\"377e2492\" data-element_type=\"widget\" data-settings=\"{&quot;navigation&quot;:&quot;both&quot;,&quot;autoplay&quot;:&quot;yes&quot;,&quot;pause_on_hover&quot;:&quot;yes&quot;,&quot;pause_on_interaction&quot;:&quot;yes&quot;,&quot;autoplay_speed&quot;:5000,&quot;infinite&quot;:&quot;yes&quot;,&quot;transition&quot;:&quot;slide&quot;,&quot;transition_speed&quot;:500}\" data-widget_type=\"slides.default\">\n\t\t\t\t<div class=\"elementor-widget-container\">\n\t\t\t\t\t\t\t\t\t<div class=\"elementor-swiper\">\n\t\t\t\t\t<div class=\"elementor-slides-wrapper elementor-main-swiper swiper\" role=\"region\" aria-roledescription=\"carousel\" aria-label=\"Slides\" dir=\"ltr\" data-animation=\"fadeInUp\">\n\t\t\t\t<div class=\"swiper-wrapper elementor-slides\">\n\t\t\t\t\t\t\t\t\t\t<div class=\"elementor-repeater-item-7f247aa swiper-slide\" role=\"group\" aria-roledescription=\"slide\"><div class=\"swiper-slide-bg elementor-ken-burns elementor-ken-burns--in\" role=\"img\" aria-label=\"Claudia-Zingerli-nachhaltigkeit\"><\/div><div class=\"elementor-background-overlay\"><\/div><div class=\"swiper-slide-inner\" ><div class=\"swiper-slide-contents\"><\/div><\/div><\/div>\t\t\t\t<\/div>\n\t\t\t\t\t\t\t<\/div>\n\t\t\t\t<\/div>\n\t\t\t\t\t\t\t\t<\/div>\n\t\t\t\t<\/div>\n\t\t\t\t\t<\/div>\n\t\t<\/div>\n\t\t\t\t\t<\/div>\n\t\t<\/section>\n\t\t\t\t<section class=\"elementor-section elementor-top-section elementor-element elementor-element-784bdaf1 elementor-section-boxed elementor-section-height-default elementor-section-height-default\" data-id=\"784bdaf1\" data-element_type=\"section\">\n\t\t\t\t\t\t<div class=\"elementor-container elementor-column-gap-default\">\n\t\t\t\t\t<div class=\"elementor-column elementor-col-100 elementor-top-column elementor-element elementor-element-6ad6c1f\" data-id=\"6ad6c1f\" data-element_type=\"column\">\n\t\t\t<div class=\"elementor-widget-wrap elementor-element-populated\">\n\t\t\t\t\t\t<div class=\"elementor-element elementor-element-686f7a28 elementor-icon-list--layout-traditional elementor-list-item-link-full_width elementor-widget elementor-widget-icon-list\" data-id=\"686f7a28\" data-element_type=\"widget\" data-widget_type=\"icon-list.default\">\n\t\t\t\t<div class=\"elementor-widget-container\">\n\t\t\t\t\t\t\t<ul class=\"elementor-icon-list-items\">\n\t\t\t\t\t\t\t<li class=\"elementor-icon-list-item\">\n\t\t\t\t\t\t\t\t\t\t\t<span class=\"elementor-icon-list-icon\">\n\t\t\t\t\t\t\t<i aria-hidden=\"true\" class=\"fas fa-circle\"><\/i>\t\t\t\t\t\t<\/span>\n\t\t\t\t\t\t\t\t\t\t<span class=\"elementor-icon-list-text\">What dreams and opportunities do you connect with the&nbsp;<a href=\"https:\/\/sustainabledevelopment.un.org\/post2015\/transformingourworld\" target=\"_blank\" rel=\"noopener\">2030 Agenda<\/a>&nbsp;and its 17 goals for sustainable development at global, national and local level?<\/span>\n\t\t\t\t\t\t\t\t\t<\/li>\n\t\t\t\t\t\t\t\t<li class=\"elementor-icon-list-item\">\n\t\t\t\t\t\t\t\t\t\t\t<span class=\"elementor-icon-list-icon\">\n\t\t\t\t\t\t\t<i aria-hidden=\"true\" class=\"fas fa-circle\"><\/i>\t\t\t\t\t\t<\/span>\n\t\t\t\t\t\t\t\t\t\t<span class=\"elementor-icon-list-text\">Which structural changes are necessary to work as inputs for transformations towards sustainability?<\/span>\n\t\t\t\t\t\t\t\t\t<\/li>\n\t\t\t\t\t\t\t\t<li class=\"elementor-icon-list-item\">\n\t\t\t\t\t\t\t\t\t\t\t<span class=\"elementor-icon-list-icon\">\n\t\t\t\t\t\t\t<i aria-hidden=\"true\" class=\"fas fa-circle\"><\/i>\t\t\t\t\t\t<\/span>\n\t\t\t\t\t\t\t\t\t\t<span class=\"elementor-icon-list-text\">Which future-oriented actions for this world would you want to initiate and shape?<\/span>\n\t\t\t\t\t\t\t\t\t<\/li>\n\t\t\t\t\t\t<\/ul>\n\t\t\t\t\t\t<\/div>\n\t\t\t\t<\/div>\n\t\t\t\t<div class=\"elementor-element elementor-element-240e1b75 elementor-widget elementor-widget-text-editor\" data-id=\"240e1b75\" data-element_type=\"widget\" data-widget_type=\"text-editor.default\">\n\t\t\t\t<div class=\"elementor-widget-container\">\n\t\t\t\t\t\t\t\t\t<p>I support you as consultant or developer in your ideas and projects. Independent and critical thinking and endeavours for a better use of learning and innovation potentials guide my work, including the recognition of diverse perspectives and acknowledgement of different interests and trade-offs. I assist all forms of positioning, reflection and ideas generation for impactful actions in an ever more complex world.<\/p>\t\t\t\t\t\t\t\t<\/div>\n\t\t\t\t<\/div>\n\t\t\t\t<div class=\"elementor-element elementor-element-288ba110 elementor-widget elementor-widget-heading\" data-id=\"288ba110\" data-element_type=\"widget\" data-widget_type=\"heading.default\">\n\t\t\t\t<div class=\"elementor-widget-container\">\n\t\t\t\t\t<h2 class=\"elementor-heading-title elementor-size-default\">References\n<\/h2>\t\t\t\t<\/div>\n\t\t\t\t<\/div>\n\t\t\t\t<div class=\"elementor-element elementor-element-63ffb87e elementor-widget elementor-widget-text-editor\" data-id=\"63ffb87e\" data-element_type=\"widget\" data-widget_type=\"text-editor.default\">\n\t\t\t\t<div class=\"elementor-widget-container\">\n\t\t\t\t\t\t\t\t\tMy offer in the thematic area of Sustainable Development grounds in long-lasting activities in diverse mandates and collaborations. I am guided by my respect for available expertise and competences in heterogeneous groups (resourceful humans) and my fondness to apply innovative methods for using their resources optimally.\t\t\t\t\t\t\t\t<\/div>\n\t\t\t\t<\/div>\n\t\t\t\t<div class=\"elementor-element elementor-element-2f545ec3 elementor-widget elementor-widget-toggle\" data-id=\"2f545ec3\" data-element_type=\"widget\" data-widget_type=\"toggle.default\">\n\t\t\t\t<div class=\"elementor-widget-container\">\n\t\t\t\t\t\t\t<div class=\"elementor-toggle\">\n\t\t\t\t\t\t\t<div class=\"elementor-toggle-item\">\n\t\t\t\t\t<div id=\"elementor-tab-title-7941\" class=\"elementor-tab-title\" data-tab=\"1\" role=\"button\" aria-controls=\"elementor-tab-content-7941\" aria-expanded=\"false\">\n\t\t\t\t\t\t\t\t\t\t\t\t<span class=\"elementor-toggle-icon elementor-toggle-icon-left\" aria-hidden=\"true\">\n\t\t\t\t\t\t\t\t\t\t\t\t\t\t\t<span class=\"elementor-toggle-icon-closed\"><i class=\"fas fa-caret-right\"><\/i><\/span>\n\t\t\t\t\t\t\t\t<span class=\"elementor-toggle-icon-opened\"><i class=\"elementor-toggle-icon-opened fas fa-caret-up\"><\/i><\/span>\n\t\t\t\t\t\t\t\t\t\t\t\t\t<\/span>\n\t\t\t\t\t\t\t\t\t\t\t\t<a class=\"elementor-toggle-title\" tabindex=\"0\">Board member of sahee foundation.<\/a>\n\t\t\t\t\t<\/div>\n\n\t\t\t\t\t<div id=\"elementor-tab-content-7941\" class=\"elementor-tab-content elementor-clearfix\" data-tab=\"1\" role=\"region\" aria-labelledby=\"elementor-tab-title-7941\"><p>As board member of <a href=\"http:\/\/www.sahee.org\/\" target=\"_blank\" rel=\"noopener\">sahee<\/a> foundation \u2013 sustainability for agriculture, health, education and environment (since 2016) I provide review and enabling guidance for projects and processes for sustainable development funded in Eswatini, Southern Africa, and Peru, Latin America.<\/p><\/div>\n\t\t\t\t<\/div>\n\t\t\t\t\t\t\t<div class=\"elementor-toggle-item\">\n\t\t\t\t\t<div id=\"elementor-tab-title-7942\" class=\"elementor-tab-title\" data-tab=\"2\" role=\"button\" aria-controls=\"elementor-tab-content-7942\" aria-expanded=\"false\">\n\t\t\t\t\t\t\t\t\t\t\t\t<span class=\"elementor-toggle-icon elementor-toggle-icon-left\" aria-hidden=\"true\">\n\t\t\t\t\t\t\t\t\t\t\t\t\t\t\t<span class=\"elementor-toggle-icon-closed\"><i class=\"fas fa-caret-right\"><\/i><\/span>\n\t\t\t\t\t\t\t\t<span class=\"elementor-toggle-icon-opened\"><i class=\"elementor-toggle-icon-opened fas fa-caret-up\"><\/i><\/span>\n\t\t\t\t\t\t\t\t\t\t\t\t\t<\/span>\n\t\t\t\t\t\t\t\t\t\t\t\t<a class=\"elementor-toggle-title\" tabindex=\"0\">Parents' Council Hirslanden Schools Zurich.<\/a>\n\t\t\t\t\t<\/div>\n\n\t\t\t\t\t<div id=\"elementor-tab-content-7942\" class=\"elementor-tab-content elementor-clearfix\" data-tab=\"2\" role=\"region\" aria-labelledby=\"elementor-tab-title-7942\">Since 2012, I have been an active delegate in the Parents\u2019 Council of the Hirslanden Schools in Zurich Hirslanden. I see great value for a resilient community in this voluntary as well as institutionalised body that contributes to a enabling school culture and exchanges among parents, pupils, teachers, school board members, and the school administration of the district. In 2017, I took over the role as Chair of the Parents\u2019 Council, where I try to formulate and mediate needs, expectations and concerns in the complex school system of today.<\/div>\n\t\t\t\t<\/div>\n\t\t\t\t\t\t\t<div class=\"elementor-toggle-item\">\n\t\t\t\t\t<div id=\"elementor-tab-title-7943\" class=\"elementor-tab-title\" data-tab=\"3\" role=\"button\" aria-controls=\"elementor-tab-content-7943\" aria-expanded=\"false\">\n\t\t\t\t\t\t\t\t\t\t\t\t<span class=\"elementor-toggle-icon elementor-toggle-icon-left\" aria-hidden=\"true\">\n\t\t\t\t\t\t\t\t\t\t\t\t\t\t\t<span class=\"elementor-toggle-icon-closed\"><i class=\"fas fa-caret-right\"><\/i><\/span>\n\t\t\t\t\t\t\t\t<span class=\"elementor-toggle-icon-opened\"><i class=\"elementor-toggle-icon-opened fas fa-caret-up\"><\/i><\/span>\n\t\t\t\t\t\t\t\t\t\t\t\t\t<\/span>\n\t\t\t\t\t\t\t\t\t\t\t\t<a class=\"elementor-toggle-title\" tabindex=\"0\">Network activities in the Swiss Academies for Sciences.<\/a>\n\t\t\t\t\t<\/div>\n\n\t\t\t\t\t<div id=\"elementor-tab-content-7943\" class=\"elementor-tab-content elementor-clearfix\" data-tab=\"3\" role=\"region\" aria-labelledby=\"elementor-tab-title-7943\"><p>As executive director of the Swiss Academic Society of Environmental Research and Ecology\u00a0<a href=\"http:\/\/www.saguf.ch\/\" target=\"_blank\" rel=\"noopener\">saguf<\/a>\u00a0(2010\u20132016), as board member of saguf (since 2010) and member of numerous working groups (since 2006) I organise events and co-author contributions, in which the concept of sustainable development and opportunities of societal learning and progress are core. Since 2012, behind the scene, I am taking care of the finances and accounting of saguf and am providing support in acquiring third-party funds.<\/p><\/div>\n\t\t\t\t<\/div>\n\t\t\t\t\t\t\t<div class=\"elementor-toggle-item\">\n\t\t\t\t\t<div id=\"elementor-tab-title-7944\" class=\"elementor-tab-title\" data-tab=\"4\" role=\"button\" aria-controls=\"elementor-tab-content-7944\" aria-expanded=\"false\">\n\t\t\t\t\t\t\t\t\t\t\t\t<span class=\"elementor-toggle-icon elementor-toggle-icon-left\" aria-hidden=\"true\">\n\t\t\t\t\t\t\t\t\t\t\t\t\t\t\t<span class=\"elementor-toggle-icon-closed\"><i class=\"fas fa-caret-right\"><\/i><\/span>\n\t\t\t\t\t\t\t\t<span class=\"elementor-toggle-icon-opened\"><i class=\"elementor-toggle-icon-opened fas fa-caret-up\"><\/i><\/span>\n\t\t\t\t\t\t\t\t\t\t\t\t\t<\/span>\n\t\t\t\t\t\t\t\t\t\t\t\t<a class=\"elementor-toggle-title\" tabindex=\"0\">Coaching IDEA League Doctoral School to \u00abAgeing and Sustainability\u00bb.<\/a>\n\t\t\t\t\t<\/div>\n\n\t\t\t\t\t<div id=\"elementor-tab-content-7944\" class=\"elementor-tab-content elementor-clearfix\" data-tab=\"4\" role=\"region\" aria-labelledby=\"elementor-tab-title-7944\"><p>Together with\u00a0<a href=\"https:\/\/stride-learning.ch\/stride-class-1\/anais-sagesser\/\" target=\"_blank\" rel=\"noopener\">Dr. Ana\u00efs S\u00e4gesser<\/a>\u00a0I acted as coach in the first\u00a0<a href=\"http:\/\/idealeague.net\/wp-content\/uploads\/2015\/03\/DoctoralSchool_Ageing_Brochure.pdf\" target=\"_blank\" rel=\"noopener\">IDEA League Doctoral School on \u00abAgeing and Sustainability\u00bb\u00a0<\/a>(2012-2013) with 25 doctoral students of Europe\u2019s leading technical universities. This mandate included the design and implementation of a tailored coaching for the students during three modules in Aachen, Tokyo and Delft. It involved the facilitation of 1) group processes for interdisciplinary collaboration and ii) an ideas market (online and face-to-face) for the development of business and research ideas for responding to the challenges of ageing societies.<\/p><\/div>\n\t\t\t\t<\/div>\n\t\t\t\t\t\t\t<div class=\"elementor-toggle-item\">\n\t\t\t\t\t<div id=\"elementor-tab-title-7945\" class=\"elementor-tab-title\" data-tab=\"5\" role=\"button\" aria-controls=\"elementor-tab-content-7945\" aria-expanded=\"false\">\n\t\t\t\t\t\t\t\t\t\t\t\t<span class=\"elementor-toggle-icon elementor-toggle-icon-left\" aria-hidden=\"true\">\n\t\t\t\t\t\t\t\t\t\t\t\t\t\t\t<span class=\"elementor-toggle-icon-closed\"><i class=\"fas fa-caret-right\"><\/i><\/span>\n\t\t\t\t\t\t\t\t<span class=\"elementor-toggle-icon-opened\"><i class=\"elementor-toggle-icon-opened fas fa-caret-up\"><\/i><\/span>\n\t\t\t\t\t\t\t\t\t\t\t\t\t<\/span>\n\t\t\t\t\t\t\t\t\t\t\t\t<a class=\"elementor-toggle-title\" tabindex=\"0\">Curriculum development.<\/a>\n\t\t\t\t\t<\/div>\n\n\t\t\t\t\t<div id=\"elementor-tab-content-7945\" class=\"elementor-tab-content elementor-clearfix\" data-tab=\"5\" role=\"region\" aria-labelledby=\"elementor-tab-title-7945\"><p>From 2010\u20132014, I provided support for enhancing competences in sustainable development in the\u00a0<a href=\"https:\/\/journey.climate-kic.org\/\" target=\"_blank\" rel=\"noopener\">Climate-KIC Summer School<\/a>\u00a0(2010-2013) and the\u00a0<a href=\"https:\/\/www.ethz.ch\/de\/die-eth-zuerich\/organisation\/schulleitung\/praesident\/critical-thinking.html\" target=\"_blank\" rel=\"noopener\">Critical Thinking Initiative at ETH Z\u00fcrich<\/a>\u00a0(2014). At the core were the use and reflection of diverse perspectives and the wealth of ideas by actors from science, industry, start-up and administration.<\/p><\/div>\n\t\t\t\t<\/div>\n\t\t\t\t\t\t\t\t<\/div>\n\t\t\t\t\t\t<\/div>\n\t\t\t\t<\/div>\n\t\t\t\t\t<\/div>\n\t\t<\/div>\n\t\t\t\t\t<\/div>\n\t\t<\/section>\n\t\t\t\t<section class=\"elementor-section elementor-top-section elementor-element elementor-element-10082606 elementor-section-stretched elementor-section-full_width elementor-section-height-min-height elementor-section-height-default elementor-section-items-middle\" data-id=\"10082606\" data-element_type=\"section\" data-settings=\"{&quot;stretch_section&quot;:&quot;section-stretched&quot;,&quot;background_background&quot;:&quot;classic&quot;}\">\n\t\t\t\t\t\t<div class=\"elementor-container elementor-column-gap-default\">\n\t\t\t\t\t<div class=\"elementor-column elementor-col-100 elementor-top-column elementor-element elementor-element-322f2185\" data-id=\"322f2185\" data-element_type=\"column\">\n\t\t\t<div class=\"elementor-widget-wrap\">\n\t\t\t\t\t\t\t<\/div>\n\t\t<\/div>\n\t\t\t\t\t<\/div>\n\t\t<\/section>\n\t\t\t\t<section class=\"elementor-section elementor-top-section elementor-element elementor-element-7b11134a elementor-section-boxed elementor-section-height-default elementor-section-height-default\" data-id=\"7b11134a\" data-element_type=\"section\">\n\t\t\t\t\t\t<div class=\"elementor-container elementor-column-gap-default\">\n\t\t\t\t\t<div class=\"elementor-column elementor-col-100 elementor-top-column elementor-element elementor-element-7fbac6b6\" data-id=\"7fbac6b6\" data-element_type=\"column\">\n\t\t\t<div class=\"elementor-widget-wrap elementor-element-populated\">\n\t\t\t\t\t\t<div class=\"elementor-element elementor-element-4fc46992 elementor-widget elementor-widget-heading\" data-id=\"4fc46992\" data-element_type=\"widget\" data-widget_type=\"heading.default\">\n\t\t\t\t<div class=\"elementor-widget-container\">\n\t\t\t\t\t<h2 class=\"elementor-heading-title elementor-size-default\">Contributions<\/h2>\t\t\t\t<\/div>\n\t\t\t\t<\/div>\n\t\t\t\t<div class=\"elementor-element elementor-element-2aa43591 elementor-widget elementor-widget-text-editor\" data-id=\"2aa43591\" data-element_type=\"widget\" data-widget_type=\"text-editor.default\">\n\t\t\t\t<div class=\"elementor-widget-container\">\n\t\t\t\t\t\t\t\t\t<ul><li>Zingerli, C., Kueffer, C., 2016. Eine grosse Transformation der Schweiz: Auf Bew\u00e4hrtes setzen und mit Neuem experimentieren. GAIA 25\/1: 64-66.\u00a0<em><a href=\"https:\/\/claudiazingerli.ch\/wp-content\/uploads\/sites\/8\/2020\/03\/GAIA_2017_Bornemann_etal_2017.pdf\" target=\"_blank\" rel=\"noopener\">Download PDF<\/a><\/em><\/li><li>Wilhelm, S., F\u00f6rster, R., Nagel, U., W\u00fclser, G., Zingerli, C., 2015. Zukunft gestalten: Nachhaltigkeitskompetenzen in der Hochschulbildung. GAIA 24\/1: 70-72.\u00a0<em><a href=\"https:\/\/claudiazingerli.ch\/wp-content\/uploads\/sites\/8\/2020\/03\/GAIA_2015_Wilhelm_etal_BNEKompetenzen_2015.pdf\" target=\"_blank\" rel=\"noopener\">Download PDF<\/a><\/em><\/li><li>Stauffacher, M., Carabias-H\u00fctter, V., F\u00f6rster, R., Fry, P., Hall, M., Kl\u00e4y, A., Kueffer, C., Spiess, H., W\u00e4ger, P., Zingerli, C., 2013. Engagement f\u00fcr inter- und transdisziplin\u00e4re Forschung zur nachhaltigen Entwicklung. GAIA 22\/2: 142-144.\u00a0<em>Download PDF<\/em><\/li><li>Zingerli, C., Bolliger, J., Schmid, F., 2012. SAGUF: 40 Jahre Impulse f\u00fcr Forschung, Politik und Gesellschaft. GAIA, 21\/1: 67-68.\u00a0<em><a href=\"https:\/\/claudiazingerli.ch\/wp-content\/uploads\/sites\/8\/2020\/03\/Templer-et-al-2011_CLJ-Conference-paper.pdf\" target=\"_blank\" rel=\"noopener\">Download PDF<\/a><\/em><\/li><li>Templer, R., Mohamed, E., Saunders, E., Zingerli, C., 2011. Creating Climate Entrepreneurs \u2013 a Tale of Contextual Learning, The Future of Education, Florence.\u00a0<em><a href=\"http:\/\/claudiazingerli.ch\/wp-content\/uploads\/Templer-et-al-2011_CLJ-Conference-paper.pdf\" target=\"_blank\" rel=\"noopener\">Download PDF<\/a><\/em><\/li><li>Kl\u00e4y, A., Heim, T., Minsch, J., Stauffacher, M., Zingerli, C., 2011. Welche Forschung f\u00fchrt zu Innovationen f\u00fcr eine nachhaltige Entwicklung? GAIA 20\/3: 214-216.\u00a0<em>Download PDF<\/em><\/li><\/ul>\t\t\t\t\t\t\t\t<\/div>\n\t\t\t\t<\/div>\n\t\t\t\t\t<\/div>\n\t\t<\/div>\n\t\t\t\t\t<\/div>\n\t\t<\/section>\n\t\t\t\t<\/div>\n\t\t","protected":false},"excerpt":{"rendered":"<p>What dreams and opportunities do you connect with the&nbsp;2030 Agenda&nbsp;and its 17 goals for sustainable development at global, national and local level? Which structural changes are necessary to work as inputs for transformations towards sustainability? Which future-oriented actions for this world would you want to initiate and shape? I support you as consultant or developer [&hellip;]<\/p>\n","protected":false},"author":1,"featured_media":0,"parent":0,"menu_order":0,"comment_status":"closed","ping_status":"closed","template":"","meta":{"site-sidebar-layout":"no-sidebar","site-content-layout":"page-builder","ast-site-content-layout":"default","site-content-style":"default","site-sidebar-style":"default","ast-global-header-display":"","ast-banner-title-visibility":"","ast-main-header-display":"","ast-hfb-above-header-display":"","ast-hfb-below-header-display":"","ast-hfb-mobile-header-display":"","site-post-title":"disabled","ast-breadcrumbs-content":"","ast-featured-img":"disabled","footer-sml-layout":"","theme-transparent-header-meta":"default","adv-header-id-meta":"","stick-header-meta":"","header-above-stick-meta":"","header-main-stick-meta":"","header-below-stick-meta":"","astra-migrate-meta-layouts":"default","ast-page-background-enabled":"default","ast-page-background-meta":{"desktop":{"background-color":"","background-image":"","background-repeat":"repeat","background-position":"center center","background-size":"auto","background-attachment":"scroll","background-type":"","background-media":"","overlay-type":"","overlay-color":"","overlay-opacity":"","overlay-gradient":""},"tablet":{"background-color":"","background-image":"","background-repeat":"repeat","background-position":"center center","background-size":"auto","background-attachment":"scroll","background-type":"","background-media":"","overlay-type":"","overlay-color":"","overlay-opacity":"","overlay-gradient":""},"mobile":{"background-color":"","background-image":"","background-repeat":"repeat","background-position":"center center","background-size":"auto","background-attachment":"scroll","background-type":"","background-media":"","overlay-type":"","overlay-color":"","overlay-opacity":"","overlay-gradient":""}},"ast-content-background-meta":{"desktop":{"background-color":"var(--ast-global-color-5)","background-image":"","background-repeat":"repeat","background-position":"center center","background-size":"auto","background-attachment":"scroll","background-type":"","background-media":"","overlay-type":"","overlay-color":"","overlay-opacity":"","overlay-gradient":""},"tablet":{"background-color":"var(--ast-global-color-5)","background-image":"","background-repeat":"repeat","background-position":"center center","background-size":"auto","background-attachment":"scroll","background-type":"","background-media":"","overlay-type":"","overlay-color":"","overlay-opacity":"","overlay-gradient":""},"mobile":{"background-color":"var(--ast-global-color-5)","background-image":"","background-repeat":"repeat","background-position":"center center","background-size":"auto","background-attachment":"scroll","background-type":"","background-media":"","overlay-type":"","overlay-color":"","overlay-opacity":"","overlay-gradient":""}},"footnotes":""},"class_list":["post-322","page","type-page","status-publish","hentry"],"_links":{"self":[{"href":"https:\/\/claudiazingerli.ch\/en\/wp-json\/wp\/v2\/pages\/322","targetHints":{"allow":["GET"]}}],"collection":[{"href":"https:\/\/claudiazingerli.ch\/en\/wp-json\/wp\/v2\/pages"}],"about":[{"href":"https:\/\/claudiazingerli.ch\/en\/wp-json\/wp\/v2\/types\/page"}],"author":[{"embeddable":true,"href":"https:\/\/claudiazingerli.ch\/en\/wp-json\/wp\/v2\/users\/1"}],"replies":[{"embeddable":true,"href":"https:\/\/claudiazingerli.ch\/en\/wp-json\/wp\/v2\/comments?post=322"}],"version-history":[{"count":10,"href":"https:\/\/claudiazingerli.ch\/en\/wp-json\/wp\/v2\/pages\/322\/revisions"}],"predecessor-version":[{"id":492,"href":"https:\/\/claudiazingerli.ch\/en\/wp-json\/wp\/v2\/pages\/322\/revisions\/492"}],"wp:attachment":[{"href":"https:\/\/claudiazingerli.ch\/en\/wp-json\/wp\/v2\/media?parent=322"}],"curies":[{"name":"wp","href":"https:\/\/api.w.org\/{rel}","templated":true}]}}